{"id":105,"date":"2012-02-06T19:16:34","date_gmt":"2012-02-06T19:16:34","guid":{"rendered":"http:\/\/ppgecpan.draconis.ufms.br\/?page_id=105"},"modified":"2026-03-29T01:42:51","modified_gmt":"2026-03-29T05:42:51","slug":"docentes","status":"publish","type":"page","link":"https:\/\/ppgecpan.ufms.br\/en\/docentes\/","title":{"rendered":"Professors"},"content":{"rendered":"<strong>Coordinator of the Postgraduate Program in Education:<\/strong> Prof. Dr. Fabiano Quadros R\u00fcckert<\/p>\n<table style=\"height: 150px;width: 700px\" border=\"1\" width=\"700\">\n<tbody>\n<tr style=\"height: 10px\">\n<td style=\"width: 688px;height: 50px;border-style: solid\" colspan=\"4\"><strong>Line of Research 1: POLICIES, INSTITUTIONAL PRACTICES AND SOCIAL EXCLUSION\/INCLUSION\u00a0<\/strong><\/td>\n<\/tr>\n<tr style=\"height: 24px\">\n<td style=\"width: 16px;height: 24px\"><strong>#<\/strong><\/td>\n<td style=\"width: 279px;height: 24px\"><strong>Professor<\/strong><\/td>\n<td style=\"width: 140px;height: 24px\"><strong>Resume<\/strong><\/td>\n<td style=\"width: 237px;height: 24px\"><strong>E-mail<\/strong><\/td>\n<\/tr>\n<tr style=\"height: 29px\">\n<td style=\"width: 16px;height: 29px\"><b>1<\/b><\/td>\n<td style=\"width: 279px;height: 29px\">Andressa Santos Rebelo<\/td>\n<td style=\"width: 140px;height: 29px\"><a href=\"http:\/\/lattes.cnpq.br\/4949150813114673\" target=\"_blank\" rel=\"noopener noreferrer\"><img decoding=\"async\" class=\"alignnone wp-image-1314\" src=\"http:\/\/ppgecpan.draconis.ufms.br\/files\/2015\/11\/titulo-sistema.png\" alt=\"titulo-sistema\" width=\"100\" height=\"16\" srcset=\"https:\/\/ppgecpan.ufms.br\/files\/2015\/11\/titulo-sistema.png 152w, https:\/\/ppgecpan.ufms.br\/files\/2015\/11\/titulo-sistema-150x25.png 150w\" sizes=\"(max-width: 100px) 100vw, 100px\" \/><\/a><\/td>\n<td style=\"width: 237px;height: 29px\">andressarbl@gmail.com<\/td>\n<\/tr>\n<tr style=\"height: 29px\">\n<td style=\"width: 16px;height: 29px\"><b>2<\/b><\/td>\n<td style=\"width: 279px;height: 29px\">B\u00e1rbara Amaral Martins<\/td>\n<td style=\"width: 140px;height: 29px\"><a href=\"http:\/\/lattes.cnpq.br\/2509415362736762\" target=\"_blank\" rel=\"noopener noreferrer\"><img decoding=\"async\" class=\"alignnone wp-image-1314\" src=\"http:\/\/ppgecpan.draconis.ufms.br\/files\/2015\/11\/titulo-sistema.png\" alt=\"titulo-sistema\" width=\"100\" height=\"16\" srcset=\"https:\/\/ppgecpan.ufms.br\/files\/2015\/11\/titulo-sistema.png 152w, https:\/\/ppgecpan.ufms.br\/files\/2015\/11\/titulo-sistema-150x25.png 150w\" sizes=\"(max-width: 100px) 100vw, 100px\" \/><\/a><\/td>\n<td style=\"width: 237px;height: 29px\">barbara.martins@ufms.br<\/td>\n<\/tr>\n<tr style=\"height: 29px\">\n<td style=\"width: 16px;height: 10px\"><b>3<\/b><\/td>\n<td style=\"width: 279px;height: 10px\">Cl\u00e1udia Ara\u00fajo de Lima<\/td>\n<td style=\"width: 140px;height: 10px\">\u00a0<a href=\"http:\/\/lattes.cnpq.br\/1228341133028730\" target=\"_blank\" rel=\"noopener noreferrer\"><img decoding=\"async\" class=\"alignnone wp-image-1314\" src=\"http:\/\/ppgecpan.draconis.ufms.br\/files\/2015\/11\/titulo-sistema.png\" alt=\"titulo-sistema\" width=\"100\" height=\"16\" srcset=\"https:\/\/ppgecpan.ufms.br\/files\/2015\/11\/titulo-sistema.png 152w, https:\/\/ppgecpan.ufms.br\/files\/2015\/11\/titulo-sistema-150x25.png 150w\" sizes=\"(max-width: 100px) 100vw, 100px\" \/><\/a><\/td>\n<td style=\"width: 237px;height: 10px\">claudia.araujolima@gmail.com<\/td>\n<\/tr>\n<tr style=\"height: 29px\">\n<td style=\"width: 16px;height: 29px\"><b>4<\/b><\/td>\n<td style=\"width: 279px;height: 29px\">\u00a0Fabiano Antonio dos Santos<\/td>\n<td style=\"width: 140px;height: 29px\">\u00a0<a href=\"http:\/\/lattes.cnpq.br\/2585001774260409\" target=\"_blank\" rel=\"noopener noreferrer\"><img decoding=\"async\" class=\"alignnone wp-image-1314\" src=\"http:\/\/ppgecpan.draconis.ufms.br\/files\/2015\/11\/titulo-sistema.png\" alt=\"titulo-sistema\" width=\"100\" height=\"16\" srcset=\"https:\/\/ppgecpan.ufms.br\/files\/2015\/11\/titulo-sistema.png 152w, https:\/\/ppgecpan.ufms.br\/files\/2015\/11\/titulo-sistema-150x25.png 150w\" sizes=\"(max-width: 100px) 100vw, 100px\" \/><\/a><\/td>\n<td style=\"width: 237px;height: 29px\">fabiano.santos@ufms.br<\/td>\n<\/tr>\n<tr style=\"height: 29px\">\n<td style=\"width: 16px;height: 29px\"><b>5<\/b><\/td>\n<td style=\"width: 279px;height: 29px\">M\u00f4nica de Carvalho Magalh\u00e3es Kassar<\/td>\n<td style=\"width: 140px;height: 29px\">\u00a0<a href=\"http:\/\/lattes.cnpq.br\/1429290076961055\" target=\"_blank\" rel=\"noopener noreferrer\"><img decoding=\"async\" class=\"alignnone wp-image-1314\" src=\"http:\/\/ppgecpan.draconis.ufms.br\/files\/2015\/11\/titulo-sistema.png\" alt=\"titulo-sistema\" width=\"100\" height=\"16\" srcset=\"https:\/\/ppgecpan.ufms.br\/files\/2015\/11\/titulo-sistema.png 152w, https:\/\/ppgecpan.ufms.br\/files\/2015\/11\/titulo-sistema-150x25.png 150w\" sizes=\"(max-width: 100px) 100vw, 100px\" \/><\/a><\/td>\n<td style=\"width: 237px;height: 29px\">monica.kassar@gmail.com<\/td>\n<\/tr>\n<tr style=\"height: 37px\">\n<td style=\"width: 16px;height: 37px\"><strong>6<\/strong><\/td>\n<td style=\"width: 279px;height: 37px\">Vanessa Catherina Neumann Figueiredo<\/td>\n<td style=\"width: 140px;height: 37px\"><a href=\"http:\/\/lattes.cnpq.br\/6692253887891002\" target=\"_blank\" rel=\"noopener noreferrer\"><img decoding=\"async\" class=\"alignnone wp-image-1314\" src=\"http:\/\/ppgecpan.draconis.ufms.br\/files\/2015\/11\/titulo-sistema.png\" alt=\"titulo-sistema\" width=\"100\" height=\"16\" srcset=\"https:\/\/ppgecpan.ufms.br\/files\/2015\/11\/titulo-sistema.png 152w, https:\/\/ppgecpan.ufms.br\/files\/2015\/11\/titulo-sistema-150x25.png 150w\" sizes=\"(max-width: 100px) 100vw, 100px\" \/><\/a><\/td>\n<td style=\"width: 237px;height: 37px\">vanessa.figueiredo@ufms.br<\/td>\n<\/tr>\n<\/tbody>\n<\/table>\n<p>&nbsp;<\/p>\n<table style=\"height: 150px;width: 700px\" border=\"1\" width=\"700\">\n<tbody>\n<tr style=\"height: 50px\">\n<td style=\"height: 50px;width: 688px;border-style: solid\" colspan=\"4\"><strong>Line of Research 2:\u00a0 TEACHER EDUCATION AND DIVERSITY<\/strong><\/td>\n<\/tr>\n<tr style=\"height: 50px\">\n<td style=\"height: 36px;width: 15px\"><strong>#<\/strong><\/td>\n<td style=\"height: 36px;width: 311px\"><strong>Professor<\/strong><\/td>\n<td style=\"height: 36px;width: 149px\"><strong>Resume<\/strong><\/td>\n<td style=\"height: 36px;width: 213px\"><strong>E-mail<\/strong><\/td>\n<\/tr>\n<tr style=\"height: 26px\">\n<td style=\"width: 15px;height: 26px\"><strong>1<\/strong><\/td>\n<td style=\"width: 311px;height: 26px\">Amanda de Mattos Pereira Mano<\/td>\n<td style=\"width: 149px;height: 26px\"><a href=\"http:\/\/lattes.cnpq.br\/9864602016869508\" target=\"_blank\" rel=\"noopener noreferrer\"><img decoding=\"async\" class=\"alignnone wp-image-1314\" src=\"http:\/\/ppgecpan.draconis.ufms.br\/files\/2015\/11\/titulo-sistema.png\" alt=\"titulo-sistema\" width=\"100\" height=\"16\" srcset=\"https:\/\/ppgecpan.ufms.br\/files\/2015\/11\/titulo-sistema.png 152w, https:\/\/ppgecpan.ufms.br\/files\/2015\/11\/titulo-sistema-150x25.png 150w\" sizes=\"(max-width: 100px) 100vw, 100px\" \/><\/a><\/td>\n<td style=\"width: 213px;height: 26px\">amanda.mano@ufms.br<\/td>\n<\/tr>\n<tr style=\"height: 24px\">\n<td style=\"width: 15px;height: 24px\"><strong>2<\/strong><\/td>\n<td style=\"width: 311px;height: 24px\">Deyvid Tenner de Souza Rizzo<\/td>\n<td style=\"width: 149px;height: 24px\"><a href=\"http:\/\/lattes.cnpq.br\/9642851209900423\" target=\"_blank\" rel=\"noopener noreferrer\"><img decoding=\"async\" class=\"alignnone wp-image-1314\" src=\"http:\/\/ppgecpan.draconis.ufms.br\/files\/2015\/11\/titulo-sistema.png\" alt=\"titulo-sistema\" width=\"100\" height=\"16\" srcset=\"https:\/\/ppgecpan.ufms.br\/files\/2015\/11\/titulo-sistema.png 152w, https:\/\/ppgecpan.ufms.br\/files\/2015\/11\/titulo-sistema-150x25.png 150w\" sizes=\"(max-width: 100px) 100vw, 100px\" \/><\/a><\/td>\n<td style=\"width: 213px;height: 24px\">deyvidrizzo1@gmail.com<\/td>\n<\/tr>\n<tr style=\"height: 36px\">\n<td style=\"height: 31px;width: 15px\"><strong>3<\/strong><\/td>\n<td style=\"height: 31px;width: 311px\">Erika Natacha Fernandes de Andrade<\/td>\n<td style=\"height: 31px;width: 149px\"><a href=\"http:\/\/lattes.cnpq.br\/1192726291614227\" target=\"_blank\" rel=\"noopener noreferrer\"><img decoding=\"async\" class=\"alignnone wp-image-1314\" src=\"http:\/\/ppgecpan.draconis.ufms.br\/files\/2015\/11\/titulo-sistema.png\" alt=\"titulo-sistema\" width=\"100\" height=\"16\" srcset=\"https:\/\/ppgecpan.ufms.br\/files\/2015\/11\/titulo-sistema.png 152w, https:\/\/ppgecpan.ufms.br\/files\/2015\/11\/titulo-sistema-150x25.png 150w\" sizes=\"(max-width: 100px) 100vw, 100px\" \/><\/a><\/td>\n<td style=\"height: 31px;width: 213px\">erika.andrade@ufms.br<\/td>\n<\/tr>\n<tr style=\"height: 35px\">\n<td style=\"height: 31px;width: 15px\"><b>4<\/b><\/td>\n<td style=\"height: 31px;width: 311px\">M\u00e1rcia Regina do Nascimento Sambugari<\/td>\n<td style=\"height: 31px;width: 149px\">\u00a0<a href=\"http:\/\/lattes.cnpq.br\/5417556351436964\" target=\"_blank\" rel=\"noopener noreferrer\"><img decoding=\"async\" class=\"alignnone wp-image-1314\" src=\"http:\/\/ppgecpan.draconis.ufms.br\/files\/2015\/11\/titulo-sistema.png\" alt=\"titulo-sistema\" width=\"100\" height=\"16\" srcset=\"https:\/\/ppgecpan.ufms.br\/files\/2015\/11\/titulo-sistema.png 152w, https:\/\/ppgecpan.ufms.br\/files\/2015\/11\/titulo-sistema-150x25.png 150w\" sizes=\"(max-width: 100px) 100vw, 100px\" \/><\/a><\/td>\n<td style=\"height: 31px;width: 213px\">marcia.sambugari@ufms.br<\/td>\n<\/tr>\n<tr style=\"height: 40px\">\n<td style=\"height: 31px;width: 15px\"><b>5<\/b><\/td>\n<td style=\"height: 31px;width: 311px\">\u00a0Silvia Adriana Rodrigues<\/td>\n<td style=\"height: 31px;width: 149px\">\u00a0<a href=\"http:\/\/lattes.cnpq.br\/4514642359270091\" target=\"_blank\" rel=\"noopener noreferrer\"><img decoding=\"async\" class=\"alignnone wp-image-1314\" src=\"http:\/\/ppgecpan.draconis.ufms.br\/files\/2015\/11\/titulo-sistema.png\" alt=\"titulo-sistema\" width=\"100\" height=\"16\" srcset=\"https:\/\/ppgecpan.ufms.br\/files\/2015\/11\/titulo-sistema.png 152w, https:\/\/ppgecpan.ufms.br\/files\/2015\/11\/titulo-sistema-150x25.png 150w\" sizes=\"(max-width: 100px) 100vw, 100px\" \/><\/a><\/td>\n<td style=\"height: 31px;width: 213px\">\u00a0silvia.rodrigues@ufms.br<\/td>\n<\/tr>\n<\/tbody>\n<\/table>\n<p>&nbsp;<\/p>\n<table style=\"height: 150px;width: 700px\" border=\"1\" width=\"700\">\n<tbody>\n<tr style=\"height: 38px\">\n<td style=\"height: 38px;border-style: solid\" colspan=\"4\"><strong>Line of Research \u00a03: GENDER AND SEXUALITIES, CULTURE, EDUCATION AND HEALTH\u00a0<\/strong><\/td>\n<\/tr>\n<tr style=\"height: 38px\">\n<td style=\"height: 38px\"><strong>#<\/strong><\/td>\n<td style=\"height: 38px\"><strong>Professor<\/strong><\/td>\n<td style=\"height: 38px\"><strong>Resume<\/strong><\/td>\n<td style=\"height: 38px\"><strong>E-mail<\/strong><\/td>\n<\/tr>\n<tr style=\"height: 16px\">\n<td style=\"height: 16px\"><strong>1<\/strong><\/td>\n<td style=\"height: 16px\">Cl\u00e1udia Ara\u00fajo de Lima<\/td>\n<td style=\"height: 16px\"><a href=\"http:\/\/lattes.cnpq.br\/1228341133028730\" target=\"_blank\" rel=\"noopener noreferrer\"><img decoding=\"async\" class=\"alignnone wp-image-1314\" src=\"http:\/\/ppgecpan.draconis.ufms.br\/files\/2015\/11\/titulo-sistema.png\" alt=\"titulo-sistema\" width=\"100\" height=\"16\" srcset=\"https:\/\/ppgecpan.ufms.br\/files\/2015\/11\/titulo-sistema.png 152w, https:\/\/ppgecpan.ufms.br\/files\/2015\/11\/titulo-sistema-150x25.png 150w\" sizes=\"(max-width: 100px) 100vw, 100px\" \/><\/a><\/td>\n<td style=\"height: 16px\">claudia.araujolima@gmail.com<\/td>\n<\/tr>\n<tr style=\"height: 21px\">\n<td style=\"height: 21px\"><strong>2<\/strong><\/td>\n<td style=\"height: 21px\">Fabiano Quadros R\u00fcckert<\/td>\n<td style=\"height: 21px\">\u00a0<a href=\"http:\/\/lattes.cnpq.br\/5680442438929143\" target=\"_blank\" rel=\"noopener noreferrer\"><img decoding=\"async\" class=\"alignnone wp-image-1314\" src=\"http:\/\/ppgecpan.draconis.ufms.br\/files\/2015\/11\/titulo-sistema.png\" alt=\"titulo-sistema\" width=\"100\" height=\"16\" srcset=\"https:\/\/ppgecpan.ufms.br\/files\/2015\/11\/titulo-sistema.png 152w, https:\/\/ppgecpan.ufms.br\/files\/2015\/11\/titulo-sistema-150x25.png 150w\" sizes=\"(max-width: 100px) 100vw, 100px\" \/><\/a><\/td>\n<td style=\"height: 21px\">fabianoqr@yahoo.com.br<\/td>\n<\/tr>\n<tr style=\"height: 17px\">\n<td style=\"height: 17px\"><strong>3<\/strong><\/td>\n<td style=\"height: 17px\">\u00a0Isabella Fernanda Ferreira<\/td>\n<td style=\"height: 17px\"><a href=\"http:\/\/lattes.cnpq.br\/6891470849689258\" target=\"_blank\" rel=\"noopener noreferrer\"><img decoding=\"async\" class=\"alignnone wp-image-1314\" src=\"http:\/\/ppgecpan.draconis.ufms.br\/files\/2015\/11\/titulo-sistema.png\" alt=\"titulo-sistema\" width=\"100\" height=\"16\" srcset=\"https:\/\/ppgecpan.ufms.br\/files\/2015\/11\/titulo-sistema.png 152w, https:\/\/ppgecpan.ufms.br\/files\/2015\/11\/titulo-sistema-150x25.png 150w\" sizes=\"(max-width: 100px) 100vw, 100px\" \/><\/a><\/td>\n<td style=\"height: 17px\">isabella.ferreira@ufms.br<\/td>\n<\/tr>\n<tr style=\"height: 14px\">\n<td style=\"height: 14px\"><strong>4<\/strong><\/td>\n<td style=\"height: 14px\">Jorge Luis Mazzeo Mariano<\/td>\n<td style=\"height: 14px\"><a href=\"http:\/\/lattes.cnpq.br\/5337334318541020\" target=\"_blank\" rel=\"noopener noreferrer\"><img decoding=\"async\" class=\"alignnone wp-image-1314\" src=\"http:\/\/ppgecpan.draconis.ufms.br\/files\/2015\/11\/titulo-sistema.png\" alt=\"titulo-sistema\" width=\"100\" height=\"16\" srcset=\"https:\/\/ppgecpan.ufms.br\/files\/2015\/11\/titulo-sistema.png 152w, https:\/\/ppgecpan.ufms.br\/files\/2015\/11\/titulo-sistema-150x25.png 150w\" sizes=\"(max-width: 100px) 100vw, 100px\" \/><\/a><\/td>\n<td style=\"height: 14px\">jorge.mariano@ufms.br<\/td>\n<\/tr>\n<tr style=\"height: 14px\">\n<td style=\"height: 14px\"><b>5<\/b><\/td>\n<td style=\"height: 14px\">\u00a0Josiane Peres Gon\u00e7alves<\/td>\n<td style=\"height: 14px\">\u00a0<a href=\"http:\/\/lattes.cnpq.br\/5333813509098078\" target=\"_blank\" rel=\"noopener noreferrer\"><img decoding=\"async\" class=\"alignnone wp-image-1314\" src=\"http:\/\/ppgecpan.draconis.ufms.br\/files\/2015\/11\/titulo-sistema.png\" alt=\"titulo-sistema\" width=\"100\" height=\"16\" srcset=\"https:\/\/ppgecpan.ufms.br\/files\/2015\/11\/titulo-sistema.png 152w, https:\/\/ppgecpan.ufms.br\/files\/2015\/11\/titulo-sistema-150x25.png 150w\" sizes=\"(max-width: 100px) 100vw, 100px\" \/><\/a><\/td>\n<td style=\"height: 14px\">\u00a0josianeperes7@hotmail.com<\/td>\n<\/tr>\n<tr style=\"height: 10px\">\n<td style=\"height: 10px\">\u00a06<\/td>\n<td style=\"height: 10px\">\u00a0Tiago Duque<\/td>\n<td style=\"height: 10px\">\u00a0<a href=\"http:\/\/lattes.cnpq.br\/5923842290182625\" target=\"_blank\" rel=\"noopener noreferrer\"><img decoding=\"async\" class=\"alignnone wp-image-1314\" src=\"http:\/\/ppgecpan.draconis.ufms.br\/files\/2015\/11\/titulo-sistema.png\" alt=\"titulo-sistema\" width=\"100\" height=\"16\" srcset=\"https:\/\/ppgecpan.ufms.br\/files\/2015\/11\/titulo-sistema.png 152w, https:\/\/ppgecpan.ufms.br\/files\/2015\/11\/titulo-sistema-150x25.png 150w\" sizes=\"(max-width: 100px) 100vw, 100px\" \/><\/a><\/td>\n<td style=\"height: 10px\">\u00a0tiago.duque@ufms.br<\/td>\n<\/tr>\n<\/tbody>\n<\/table>\n<p>&nbsp;<\/p>\n<table style=\"height: 150px;width: 700px\" border=\"1\" width=\"700\">\n<tbody>\n<tr style=\"height: 38px\">\n<td style=\"height: 38px\" colspan=\"4\">Collaborating professors<\/td>\n<\/tr>\n<tr style=\"height: 39px\">\n<td style=\"height: 10px\"><strong>#<\/strong><\/td>\n<td style=\"height: 10px\"><strong>Professor<\/strong><\/td>\n<td style=\"height: 10px\"><strong>Resume<\/strong><\/td>\n<td style=\"height: 10px\"><strong>E-mail<\/strong><\/td>\n<\/tr>\n<tr style=\"height: 15px\">\n<td style=\"height: 15px\">1<\/td>\n<td style=\"height: 15px\">Constantina Xavier Filha<\/td>\n<td style=\"height: 15px\"><a href=\"http:\/\/lattes.cnpq.br\/0592180860075151\" target=\"_blank\" rel=\"noopener noreferrer\"><img decoding=\"async\" class=\"alignnone wp-image-1314\" src=\"http:\/\/ppgecpan.draconis.ufms.br\/files\/2015\/11\/titulo-sistema.png\" alt=\"titulo-sistema\" width=\"123\" height=\"20\" srcset=\"https:\/\/ppgecpan.ufms.br\/files\/2015\/11\/titulo-sistema.png 152w, https:\/\/ppgecpan.ufms.br\/files\/2015\/11\/titulo-sistema-150x25.png 150w\" sizes=\"(max-width: 123px) 100vw, 123px\" \/><\/a><\/td>\n<td style=\"height: 15px\">tinaxav@gmail.com<\/td>\n<\/tr>\n<tr style=\"height: 19px\">\n<td style=\"height: 19px\"><b>2<\/b><\/td>\n<td style=\"height: 19px\">Beatriz Rosalia Gomes Xavier Flandoli<\/td>\n<td style=\"height: 19px\">\u00a0<a href=\"http:\/\/lattes.cnpq.br\/3981032272536106\" target=\"_blank\" rel=\"noopener noreferrer\"><img decoding=\"async\" class=\"alignnone wp-image-1314\" src=\"http:\/\/ppgecpan.draconis.ufms.br\/files\/2015\/11\/titulo-sistema.png\" alt=\"titulo-sistema\" width=\"134\" height=\"22\" srcset=\"https:\/\/ppgecpan.ufms.br\/files\/2015\/11\/titulo-sistema.png 152w, https:\/\/ppgecpan.ufms.br\/files\/2015\/11\/titulo-sistema-150x25.png 150w\" sizes=\"(max-width: 134px) 100vw, 134px\" \/><\/a><\/td>\n<td style=\"height: 19px\">beatrizflandoli@gmail.com<\/td>\n<\/tr>\n<\/tbody>\n<\/table>\n<p>&nbsp;","protected":false},"excerpt":{"rendered":"<p>Coordinator of the Postgraduate Program in Education: Prof. Dr. Fabiano Quadros R\u00fcckert Line of Research 1: POLICIES, INSTITUTIONAL PRACTICES AND SOCIAL EXCLUSION\/INCLUSION\u00a0 # Professor Resume E-mail 1 Andressa Santos Rebelo andressarbl@gmail.com 2 B\u00e1rbara Amaral Martins barbara.martins@ufms.br 3 Cl\u00e1udia Ara\u00fajo de Lima \u00a0 claudia.araujolima@gmail.com 4 \u00a0Fabiano Antonio dos Santos \u00a0 fabiano.santos@ufms.br 5 M\u00f4nica de Carvalho Magalh\u00e3es [&hellip;]<\/p>\n","protected":false},"author":1488,"featured_media":0,"parent":0,"menu_order":0,"comment_status":"closed","ping_status":"closed","template":"","meta":{"footnotes":""},"coauthors":[85],"class_list":["post-105","page","type-page","status-publish","hentry"],"_links":{"self":[{"href":"https:\/\/ppgecpan.ufms.br\/en\/wp-json\/wp\/v2\/pages\/105","targetHints":{"allow":["GET"]}}],"collection":[{"href":"https:\/\/ppgecpan.ufms.br\/en\/wp-json\/wp\/v2\/pages"}],"about":[{"href":"https:\/\/ppgecpan.ufms.br\/en\/wp-json\/wp\/v2\/types\/page"}],"author":[{"embeddable":true,"href":"https:\/\/ppgecpan.ufms.br\/en\/wp-json\/wp\/v2\/users\/1488"}],"replies":[{"embeddable":true,"href":"https:\/\/ppgecpan.ufms.br\/en\/wp-json\/wp\/v2\/comments?post=105"}],"version-history":[{"count":89,"href":"https:\/\/ppgecpan.ufms.br\/en\/wp-json\/wp\/v2\/pages\/105\/revisions"}],"predecessor-version":[{"id":8006,"href":"https:\/\/ppgecpan.ufms.br\/en\/wp-json\/wp\/v2\/pages\/105\/revisions\/8006"}],"wp:attachment":[{"href":"https:\/\/ppgecpan.ufms.br\/en\/wp-json\/wp\/v2\/media?parent=105"}],"wp:term":[{"taxonomy":"author","embeddable":true,"href":"https:\/\/ppgecpan.ufms.br\/en\/wp-json\/wp\/v2\/coauthors?post=105"}],"curies":[{"name":"wp","href":"https:\/\/api.w.org\/{rel}","templated":true}]}}