{"id":3013,"date":"2017-12-08T15:50:59","date_gmt":"2017-12-08T19:50:59","guid":{"rendered":"https:\/\/ppgecpan.ufms.br\/?page_id=3013"},"modified":"2021-08-18T12:42:54","modified_gmt":"2021-08-18T16:42:54","slug":"internacional","status":"publish","type":"page","link":"https:\/\/ppgecpan.ufms.br\/en\/internacional\/","title":{"rendered":"Internacional"},"content":{"rendered":"Por favor acesse a p\u00e1gina\u00a0<a href=\"https:\/\/aginova.ufms.br\/\" target=\"_blank\" rel=\"noopener noreferrer\">https:\/\/aginova.ufms.br\/<\/a>\u00a0para mais informa\u00e7\u00f5es.","protected":false},"excerpt":{"rendered":"<p>Por favor acesse a p\u00e1gina\u00a0https:\/\/aginova.ufms.br\/\u00a0para mais informa\u00e7\u00f5es.<\/p>\n","protected":false},"author":2660,"featured_media":0,"parent":0,"menu_order":0,"comment_status":"closed","ping_status":"closed","template":"","meta":{"footnotes":""},"coauthors":[],"class_list":["post-3013","page","type-page","status-publish","hentry"],"_links":{"self":[{"href":"https:\/\/ppgecpan.ufms.br\/en\/wp-json\/wp\/v2\/pages\/3013","targetHints":{"allow":["GET"]}}],"collection":[{"href":"https:\/\/ppgecpan.ufms.br\/en\/wp-json\/wp\/v2\/pages"}],"about":[{"href":"https:\/\/ppgecpan.ufms.br\/en\/wp-json\/wp\/v2\/types\/page"}],"author":[{"embeddable":true,"href":"https:\/\/ppgecpan.ufms.br\/en\/wp-json\/wp\/v2\/users\/2660"}],"replies":[{"embeddable":true,"href":"https:\/\/ppgecpan.ufms.br\/en\/wp-json\/wp\/v2\/comments?post=3013"}],"version-history":[{"count":4,"href":"https:\/\/ppgecpan.ufms.br\/en\/wp-json\/wp\/v2\/pages\/3013\/revisions"}],"predecessor-version":[{"id":5241,"href":"https:\/\/ppgecpan.ufms.br\/en\/wp-json\/wp\/v2\/pages\/3013\/revisions\/5241"}],"wp:attachment":[{"href":"https:\/\/ppgecpan.ufms.br\/en\/wp-json\/wp\/v2\/media?parent=3013"}],"wp:term":[{"taxonomy":"author","embeddable":true,"href":"https:\/\/ppgecpan.ufms.br\/en\/wp-json\/wp\/v2\/coauthors?post=3013"}],"curies":[{"name":"wp","href":"https:\/\/api.w.org\/{rel}","templated":true}]}}