{"id":5268,"date":"2021-08-18T17:18:29","date_gmt":"2021-08-18T21:18:29","guid":{"rendered":"https:\/\/ppgecpan.ufms.br\/?page_id=5268"},"modified":"2025-03-10T09:55:11","modified_gmt":"2025-03-10T13:55:11","slug":"relatorios-de-autoavaliacao","status":"publish","type":"page","link":"https:\/\/ppgecpan.ufms.br\/en\/relatorios-de-autoavaliacao\/","title":{"rendered":"Relat\u00f3rios de Autoavalia\u00e7\u00e3o"},"content":{"rendered":"<a href=\"https:\/\/ppgecpan.ufms.br\/files\/2021\/03\/Relat%C3%B3rio-final-da-Autoavalia%C3%A7%C3%A3o.pdf\" target=\"_blank\" rel=\"noopener\">RELAT\u00d3RIO AUTOAVALIA\u00c7\u00c3O PPGE\/CPAN<\/a>","protected":false},"excerpt":{"rendered":"<p>RELAT\u00d3RIO AUTOAVALIA\u00c7\u00c3O PPGE\/CPAN<\/p>\n","protected":false},"author":28260,"featured_media":0,"parent":0,"menu_order":0,"comment_status":"closed","ping_status":"closed","template":"","meta":{"footnotes":""},"coauthors":[],"class_list":["post-5268","page","type-page","status-publish","hentry"],"_links":{"self":[{"href":"https:\/\/ppgecpan.ufms.br\/en\/wp-json\/wp\/v2\/pages\/5268","targetHints":{"allow":["GET"]}}],"collection":[{"href":"https:\/\/ppgecpan.ufms.br\/en\/wp-json\/wp\/v2\/pages"}],"about":[{"href":"https:\/\/ppgecpan.ufms.br\/en\/wp-json\/wp\/v2\/types\/page"}],"author":[{"embeddable":true,"href":"https:\/\/ppgecpan.ufms.br\/en\/wp-json\/wp\/v2\/users\/28260"}],"replies":[{"embeddable":true,"href":"https:\/\/ppgecpan.ufms.br\/en\/wp-json\/wp\/v2\/comments?post=5268"}],"version-history":[{"count":7,"href":"https:\/\/ppgecpan.ufms.br\/en\/wp-json\/wp\/v2\/pages\/5268\/revisions"}],"predecessor-version":[{"id":7352,"href":"https:\/\/ppgecpan.ufms.br\/en\/wp-json\/wp\/v2\/pages\/5268\/revisions\/7352"}],"wp:attachment":[{"href":"https:\/\/ppgecpan.ufms.br\/en\/wp-json\/wp\/v2\/media?parent=5268"}],"wp:term":[{"taxonomy":"author","embeddable":true,"href":"https:\/\/ppgecpan.ufms.br\/en\/wp-json\/wp\/v2\/coauthors?post=5268"}],"curies":[{"name":"wp","href":"https:\/\/api.w.org\/{rel}","templated":true}]}}