{"id":11,"date":"2012-02-03T16:45:03","date_gmt":"2012-02-03T16:45:03","guid":{"rendered":"http:\/\/ppgecpan.draconis.ufms.br\/?page_id=11"},"modified":"2021-12-23T09:32:50","modified_gmt":"2021-12-23T13:32:50","slug":"apresentacao","status":"publish","type":"page","link":"https:\/\/ppgecpan.ufms.br\/es\/apresentacao\/","title":{"rendered":"Presentaci\u00f3n"},"content":{"rendered":"El Campus del Pantanal ofrece la <strong>Maestr\u00eda en Educaci\u00f3n <\/strong>en la modalidad acad\u00e9mica, con \u00e1rea de concentraci\u00f3n en <strong>Educaci\u00f3n Social, <\/strong>aprobada por la Coordena\u00e7\u00e3o de Aperfei\u00e7oamento de Pessoal de N\u00edvel Superior (CAPES) del Ministerio de la Educaci\u00f3n (MEC). Esta Maestr\u00eda es fruto, en gran parte, del trabajo de un grupo de profesores que hace m\u00e1s de 20 a\u00f1os viene desarrollando proyectos de investigaci\u00f3n de extensi\u00f3n relacionados a las tem\u00e1ticas: infancia, adolescencia y exclusi\u00f3n social. Trabajos que han sido realizados junto al CREIA \u2013 Centro de Refer\u00eancia e Estudos da Inf\u00e2ncia e Adolesc\u00eancia.<\/p>\n<p>La Maestr\u00eda tiene como objetivos:<\/p>\n<ul>\n<li>Formar investigadores con conocimiento solido en el \u00e1rea de la educaci\u00f3n, con enfoque especial en la educaci\u00f3n social, abarcando diferentes esferas en que la educaci\u00f3n se hace presente;<\/li>\n<li>Preparar al estudiante para el ejercicio del Magisterio Superior como profesor-investigador;<\/li>\n<li>Formar investigadores, docentes y administradores para el desarrollo de las actividades en los diferentes niveles y modalidades del sistema educacional;<\/li>\n<li>Colaborar con la producci\u00f3n acerca de la Educaci\u00f3n y la Educaci\u00f3n Social.<\/li>\n<\/ul>\n<p>&nbsp;<\/p>\n<p>El Programa tiene su enfoque dirigido a los procesos educativos en instituciones de educaci\u00f3n formal y no formal y contiene las siguientes PROPUESTAS:<\/p>\n<ol>\n<li>Construir interfaces entre la educaci\u00f3n formal y la no formal, a trav\u00e9s de la producci\u00f3n de conocimiento sobre los procesos educativos, considerando el movimiento de la sociedad y sus contradicciones;<\/li>\n<li>Desarrollar investigaciones con enfoque dirigido a la garant\u00eda de los derechos (Educaci\u00f3n, Salud, Asistencia, Trabajo) de la poblaci\u00f3n de ni\u00f1os, adolescentes y sus familiares;<\/li>\n<li>Realizar investigaciones sobre la implantaci\u00f3n, implementaci\u00f3n y evaluaci\u00f3n de pol\u00edticas p\u00fablicas orientadas a la infancia y la adolescencia;<\/li>\n<li>Ofrecer subsidios para la elaboraci\u00f3n de pol\u00edticas p\u00fablicas (saberes y pr\u00e1cticas innovadores), principalmente, aquellas orientadas a los ni\u00f1os y los adolescentes;<\/li>\n<li>Producir conocimiento con respecto a la formaci\u00f3n de educadores en situaci\u00f3n de educaci\u00f3n formal y no formal.<\/li>\n<\/ol>\n<p>&nbsp;<\/p>\n<p><strong>Estructura Curricular<\/strong><\/p>\n<p><strong>Estructura curricular (descripci\u00f3n sucinta)<\/strong><\/p>\n<p><strong>Son requisitos m\u00ednimos para la homologaci\u00f3n del t\u00edtulo de Master:<\/strong><\/p>\n<p><strong>24 cr\u00e9ditos obtenidos en actividades acad\u00e9micas + 04 cr\u00e9ditos obtenidos comprobando la realizaci\u00f3n de actividades especiales + 08 cr\u00e9ditos obtenidos en el examen de calificaci\u00f3n + 12 cr\u00e9ditos obtenidos en la defensa de la disertaci\u00f3n + examen de competencia en lengua extranjera\u201d.<\/strong><\/p>\n<p><strong>\u00a0<\/strong><\/p>\n<table style=\"height: 509px;\" width=\"478\">\n<tbody>\n<tr>\n<td width=\"68\"><strong>Semestre<\/strong><\/td>\n<td width=\"314\"><strong>Disciplina<\/strong><\/td>\n<td><strong>Cr\u00e9ditos<\/strong><\/td>\n<\/tr>\n<tr>\n<td rowspan=\"3\" width=\"68\"><strong>1\u00ba<\/strong><\/td>\n<td width=\"314\">Fundamentos hist\u00f3rico-filos\u00f3ficos de la Educaci\u00f3n (D.O.)<\/td>\n<td>4<\/td>\n<\/tr>\n<tr>\n<td width=\"314\">Investigaci\u00f3n en Educaci\u00f3n (D.O.)<\/td>\n<td>4<\/td>\n<\/tr>\n<tr>\n<td width=\"314\">Disciplina Opcional<\/td>\n<td>4<\/td>\n<\/tr>\n<tr>\n<td width=\"68\">#<\/td>\n<td width=\"314\"><\/td>\n<td><\/td>\n<\/tr>\n<tr>\n<td rowspan=\"3\" width=\"68\"><strong>2\u00ba<\/strong><\/td>\n<td width=\"314\">Educaci\u00f3n y Derechos Humanos \u00a0(D.O.)<\/td>\n<td>4<\/td>\n<\/tr>\n<tr>\n<td width=\"314\">Semin\u00e1rio de Investigaci\u00f3n I \u00a0(D.O.)<\/td>\n<td>4<\/td>\n<\/tr>\n<tr>\n<td width=\"314\">Disciplina Opcional<\/td>\n<td>4<\/td>\n<\/tr>\n<\/tbody>\n<\/table>\n<p><strong>\u00a0<\/strong><\/p>\n<p>D.O. \u2013 Disciplina Obligatoria<\/p>\n<p>* Adem\u00e1s de las disciplinas mencionadas, los becados deben cumplir el la disciplina de Practica de Doc\u00eancia.","protected":false},"excerpt":{"rendered":"<p>El Campus del Pantanal ofrece la Maestr\u00eda en Educaci\u00f3n en la modalidad acad\u00e9mica, con \u00e1rea de concentraci\u00f3n en Educaci\u00f3n Social, aprobada por la Coordena\u00e7\u00e3o de Aperfei\u00e7oamento de Pessoal de N\u00edvel Superior (CAPES) del Ministerio de la Educaci\u00f3n (MEC). Esta Maestr\u00eda es fruto, en gran parte, del trabajo de un grupo de profesores que hace m\u00e1s [&hellip;]<\/p>\n","protected":false},"author":7,"featured_media":0,"parent":0,"menu_order":0,"comment_status":"closed","ping_status":"closed","template":"","meta":{"footnotes":""},"coauthors":[],"class_list":["post-11","page","type-page","status-publish","hentry"],"_links":{"self":[{"href":"https:\/\/ppgecpan.ufms.br\/es\/wp-json\/wp\/v2\/pages\/11","targetHints":{"allow":["GET"]}}],"collection":[{"href":"https:\/\/ppgecpan.ufms.br\/es\/wp-json\/wp\/v2\/pages"}],"about":[{"href":"https:\/\/ppgecpan.ufms.br\/es\/wp-json\/wp\/v2\/types\/page"}],"author":[{"embeddable":true,"href":"https:\/\/ppgecpan.ufms.br\/es\/wp-json\/wp\/v2\/users\/7"}],"replies":[{"embeddable":true,"href":"https:\/\/ppgecpan.ufms.br\/es\/wp-json\/wp\/v2\/comments?post=11"}],"version-history":[{"count":23,"href":"https:\/\/ppgecpan.ufms.br\/es\/wp-json\/wp\/v2\/pages\/11\/revisions"}],"predecessor-version":[{"id":5541,"href":"https:\/\/ppgecpan.ufms.br\/es\/wp-json\/wp\/v2\/pages\/11\/revisions\/5541"}],"wp:attachment":[{"href":"https:\/\/ppgecpan.ufms.br\/es\/wp-json\/wp\/v2\/media?parent=11"}],"wp:term":[{"taxonomy":"author","embeddable":true,"href":"https:\/\/ppgecpan.ufms.br\/es\/wp-json\/wp\/v2\/coauthors?post=11"}],"curies":[{"name":"wp","href":"https:\/\/api.w.org\/{rel}","templated":true}]}}