{"id":2592,"date":"2017-03-23T10:43:09","date_gmt":"2017-03-23T14:43:09","guid":{"rendered":"https:\/\/ppgecpan.ufms.br\/?page_id=2592"},"modified":"2018-10-30T18:34:29","modified_gmt":"2018-10-30T22:34:29","slug":"egressos","status":"publish","type":"page","link":"https:\/\/ppgecpan.ufms.br\/es\/egressos\/","title":{"rendered":"Egressos"},"content":{"rendered":"<div>\n<div dir=\"ltr\">Con mucho entusiasmo informamos que est\u00e1 disponible m\u00e1s un canal de comunicaci\u00f3n entre el PPGE UFMS\/CPAN y sus ex-alumnos. Nuestra intenci\u00f3n es, con eso, obtener informaciones sobre la secuencia de estudios y trabajos que nuestros alumnos asumieron, desde el momento en que dejaron el programa. El principal objetivo, con eso, es evaluar nuestras pr\u00e1cticas con el fin de mejorarlas a\u00fan m\u00e1s, atendiendo los anhelos de nuestros alumnos. Su participaci\u00f3n es fundamental para que los aciertos sean reforzados y los errores corregidos. Resaltamos que las informaciones disponibles individualmente no ser\u00e1n publicitadas. Sirviendo solo para uso interno. A seguir est\u00e1 el link para que puedan acceder a la evaluaci\u00f3n. Agradecemos su participaci\u00f3n, juntos construiremos un Programa de excelencia para la regi\u00f3n del Pantanal.<\/div>\n<div dir=\"ltr\">\n<p>Presione\u00a0<a href=\"https:\/\/docs.google.com\/forms\/d\/e\/1FAIpQLSdrONWp52BAEVIrlX0yqxmKakW6MwMLwCqwFhmgtoAMakmBuQ\/viewform?usp=sf_link\" target=\"_blank\" rel=\"noopener noreferrer\"><strong>aqu\u00ed<\/strong><\/a>.<\/p>\n<\/div>\n<div dir=\"ltr\"><\/div>\n<\/div>\n<div><\/div>","protected":false},"excerpt":{"rendered":"<p>Con mucho entusiasmo informamos que est\u00e1 disponible m\u00e1s un canal de comunicaci\u00f3n entre el PPGE UFMS\/CPAN y sus ex-alumnos. Nuestra intenci\u00f3n es, con eso, obtener informaciones sobre la secuencia de estudios y trabajos que nuestros alumnos asumieron, desde el momento en que dejaron el programa. El principal objetivo, con eso, es evaluar nuestras pr\u00e1cticas con [&hellip;]<\/p>\n","protected":false},"author":2660,"featured_media":0,"parent":0,"menu_order":0,"comment_status":"closed","ping_status":"closed","template":"","meta":{"footnotes":""},"coauthors":[],"class_list":["post-2592","page","type-page","status-publish","hentry"],"_links":{"self":[{"href":"https:\/\/ppgecpan.ufms.br\/es\/wp-json\/wp\/v2\/pages\/2592","targetHints":{"allow":["GET"]}}],"collection":[{"href":"https:\/\/ppgecpan.ufms.br\/es\/wp-json\/wp\/v2\/pages"}],"about":[{"href":"https:\/\/ppgecpan.ufms.br\/es\/wp-json\/wp\/v2\/types\/page"}],"author":[{"embeddable":true,"href":"https:\/\/ppgecpan.ufms.br\/es\/wp-json\/wp\/v2\/users\/2660"}],"replies":[{"embeddable":true,"href":"https:\/\/ppgecpan.ufms.br\/es\/wp-json\/wp\/v2\/comments?post=2592"}],"version-history":[{"count":5,"href":"https:\/\/ppgecpan.ufms.br\/es\/wp-json\/wp\/v2\/pages\/2592\/revisions"}],"predecessor-version":[{"id":3558,"href":"https:\/\/ppgecpan.ufms.br\/es\/wp-json\/wp\/v2\/pages\/2592\/revisions\/3558"}],"wp:attachment":[{"href":"https:\/\/ppgecpan.ufms.br\/es\/wp-json\/wp\/v2\/media?parent=2592"}],"wp:term":[{"taxonomy":"author","embeddable":true,"href":"https:\/\/ppgecpan.ufms.br\/es\/wp-json\/wp\/v2\/coauthors?post=2592"}],"curies":[{"name":"wp","href":"https:\/\/api.w.org\/{rel}","templated":true}]}}