{"id":4699,"date":"2020-11-03T09:41:36","date_gmt":"2020-11-03T13:41:36","guid":{"rendered":"https:\/\/ppgecpan.ufms.br\/?page_id=4699"},"modified":"2021-09-13T14:28:35","modified_gmt":"2021-09-13T18:28:35","slug":"perfil-do-egresso","status":"publish","type":"page","link":"https:\/\/ppgecpan.ufms.br\/es\/egressos\/perfil-do-egresso\/","title":{"rendered":"Perfil do egresso"},"content":{"rendered":"O PPGE forma Mestres em Educa\u00e7\u00e3o,<br \/>\ncom \u00e1rea de concentra\u00e7\u00e3o em Educa\u00e7\u00e3o Social. Assim, ao concluir sua trajet\u00f3ria formativa,<br \/>\nesperamos dos egressos:<br \/>\na) Atua\u00e7\u00e3o cr\u00edtica, \u00e9tica e respons\u00e1vel nos diferentes contextos da pr\u00e1tica social;<br \/>\nb) Continua\u00e7\u00e3o de sua trajet\u00f3ria formativa no campo da pesquisa;<br \/>\nc) Incorpora\u00e7\u00e3o dos conhecimentos adquiridos ao longo do mestrado, para assumir posi\u00e7\u00f5es<br \/>\nde lideran\u00e7a nos locais onde atuar;<br \/>\nd) Compreens\u00e3o dos aspectos te\u00f3ricos e metodol\u00f3gicos que constituem a produ\u00e7\u00e3o cient\u00edfica<br \/>\nem educa\u00e7\u00e3o.","protected":false},"excerpt":{"rendered":"<p>O PPGE forma Mestres em Educa\u00e7\u00e3o, com \u00e1rea de concentra\u00e7\u00e3o em Educa\u00e7\u00e3o Social. Assim, ao concluir sua trajet\u00f3ria formativa, esperamos dos egressos: a) Atua\u00e7\u00e3o cr\u00edtica, \u00e9tica e respons\u00e1vel nos diferentes contextos da pr\u00e1tica social; b) Continua\u00e7\u00e3o de sua trajet\u00f3ria formativa no campo da pesquisa; c) Incorpora\u00e7\u00e3o dos conhecimentos adquiridos ao longo do mestrado, para assumir [&hellip;]<\/p>\n","protected":false},"author":28260,"featured_media":0,"parent":2592,"menu_order":0,"comment_status":"closed","ping_status":"closed","template":"","meta":{"footnotes":""},"coauthors":[],"class_list":["post-4699","page","type-page","status-publish","hentry"],"_links":{"self":[{"href":"https:\/\/ppgecpan.ufms.br\/es\/wp-json\/wp\/v2\/pages\/4699","targetHints":{"allow":["GET"]}}],"collection":[{"href":"https:\/\/ppgecpan.ufms.br\/es\/wp-json\/wp\/v2\/pages"}],"about":[{"href":"https:\/\/ppgecpan.ufms.br\/es\/wp-json\/wp\/v2\/types\/page"}],"author":[{"embeddable":true,"href":"https:\/\/ppgecpan.ufms.br\/es\/wp-json\/wp\/v2\/users\/28260"}],"replies":[{"embeddable":true,"href":"https:\/\/ppgecpan.ufms.br\/es\/wp-json\/wp\/v2\/comments?post=4699"}],"version-history":[{"count":8,"href":"https:\/\/ppgecpan.ufms.br\/es\/wp-json\/wp\/v2\/pages\/4699\/revisions"}],"predecessor-version":[{"id":5403,"href":"https:\/\/ppgecpan.ufms.br\/es\/wp-json\/wp\/v2\/pages\/4699\/revisions\/5403"}],"up":[{"embeddable":true,"href":"https:\/\/ppgecpan.ufms.br\/es\/wp-json\/wp\/v2\/pages\/2592"}],"wp:attachment":[{"href":"https:\/\/ppgecpan.ufms.br\/es\/wp-json\/wp\/v2\/media?parent=4699"}],"wp:term":[{"taxonomy":"author","embeddable":true,"href":"https:\/\/ppgecpan.ufms.br\/es\/wp-json\/wp\/v2\/coauthors?post=4699"}],"curies":[{"name":"wp","href":"https:\/\/api.w.org\/{rel}","templated":true}]}}