{"id":4701,"date":"2020-11-03T09:42:23","date_gmt":"2020-11-03T13:42:23","guid":{"rendered":"https:\/\/ppgecpan.ufms.br\/?page_id=4701"},"modified":"2021-09-13T14:26:39","modified_gmt":"2021-09-13T18:26:39","slug":"instrumento-de-acompanhamento","status":"publish","type":"page","link":"https:\/\/ppgecpan.ufms.br\/es\/egressos\/instrumento-de-acompanhamento\/","title":{"rendered":"Pol\u00edtica de acompanhamento de egressos"},"content":{"rendered":"<div>\n<div dir=\"ltr\">Com muito entusiasmo informamos que est\u00e1 dispon\u00edvel mais um canal de comunica\u00e7\u00e3o entre o PPGE UFMS\/CPAN e seus ex-alunos. Nossa inten\u00e7\u00e3o \u00e9, com isso, obter informa\u00e7\u00f5es sobre a sequencia de estudos e trabalhos que nossos alunos assumiram, desde o momento que deixaram o programa. O principal objetivo, com isso, \u00e9 avaliarmos nossas pr\u00e1ticas a fim de melhor\u00e1-las ainda mais, atendendo aos anseios de nossos alunos. Sua participa\u00e7\u00e3o \u00e9 fundamental para que acertos sejam refor\u00e7ados e erros corrigidos. Ressaltamos que as informa\u00e7\u00f5es disponibilizadas individualmente n\u00e3o ser\u00e3o publicizadas, servindo apenas para uso interno. A seguir segue o link para que possa acessar a avalia\u00e7\u00e3o. Agradecemos sua participa\u00e7\u00e3o, juntos construiremos um Programa de excel\u00eancia para a regi\u00e3o do Pantanal!<\/div>\n<\/div>\n<div><\/div>\n<div>\u00a0Clique\u00a0<a href=\"https:\/\/docs.google.com\/forms\/d\/e\/1FAIpQLSdrONWp52BAEVIrlX0yqxmKakW6MwMLwCqwFhmgtoAMakmBuQ\/viewform?usp=sf_link\" target=\"_blank\" rel=\"noopener noreferrer\"><strong>aqui<\/strong><\/a>.<\/div>","protected":false},"excerpt":{"rendered":"<p>Com muito entusiasmo informamos que est\u00e1 dispon\u00edvel mais um canal de comunica\u00e7\u00e3o entre o PPGE UFMS\/CPAN e seus ex-alunos. Nossa inten\u00e7\u00e3o \u00e9, com isso, obter informa\u00e7\u00f5es sobre a sequencia de estudos e trabalhos que nossos alunos assumiram, desde o momento que deixaram o programa. O principal objetivo, com isso, \u00e9 avaliarmos nossas pr\u00e1ticas a fim [&hellip;]<\/p>\n","protected":false},"author":28260,"featured_media":0,"parent":2592,"menu_order":0,"comment_status":"closed","ping_status":"closed","template":"","meta":{"footnotes":""},"coauthors":[],"class_list":["post-4701","page","type-page","status-publish","hentry"],"_links":{"self":[{"href":"https:\/\/ppgecpan.ufms.br\/es\/wp-json\/wp\/v2\/pages\/4701","targetHints":{"allow":["GET"]}}],"collection":[{"href":"https:\/\/ppgecpan.ufms.br\/es\/wp-json\/wp\/v2\/pages"}],"about":[{"href":"https:\/\/ppgecpan.ufms.br\/es\/wp-json\/wp\/v2\/types\/page"}],"author":[{"embeddable":true,"href":"https:\/\/ppgecpan.ufms.br\/es\/wp-json\/wp\/v2\/users\/28260"}],"replies":[{"embeddable":true,"href":"https:\/\/ppgecpan.ufms.br\/es\/wp-json\/wp\/v2\/comments?post=4701"}],"version-history":[{"count":5,"href":"https:\/\/ppgecpan.ufms.br\/es\/wp-json\/wp\/v2\/pages\/4701\/revisions"}],"predecessor-version":[{"id":5402,"href":"https:\/\/ppgecpan.ufms.br\/es\/wp-json\/wp\/v2\/pages\/4701\/revisions\/5402"}],"up":[{"embeddable":true,"href":"https:\/\/ppgecpan.ufms.br\/es\/wp-json\/wp\/v2\/pages\/2592"}],"wp:attachment":[{"href":"https:\/\/ppgecpan.ufms.br\/es\/wp-json\/wp\/v2\/media?parent=4701"}],"wp:term":[{"taxonomy":"author","embeddable":true,"href":"https:\/\/ppgecpan.ufms.br\/es\/wp-json\/wp\/v2\/coauthors?post=4701"}],"curies":[{"name":"wp","href":"https:\/\/api.w.org\/{rel}","templated":true}]}}