{"id":5266,"date":"2021-08-18T17:17:11","date_gmt":"2021-08-18T21:17:11","guid":{"rendered":"https:\/\/ppgecpan.ufms.br\/?page_id=5266"},"modified":"2021-12-22T09:48:16","modified_gmt":"2021-12-22T13:48:16","slug":"politica-de-autoavaliacao","status":"publish","type":"page","link":"https:\/\/ppgecpan.ufms.br\/es\/politica-de-autoavaliacao\/","title":{"rendered":"Pol\u00edtica de Autoavalia\u00e7\u00e3o"},"content":{"rendered":"Destacamos, ao menos, quatro formas com as quais monitoramos as atividades no campo acad\u00eamico e profissional:<\/p>\n<p>1) Rela\u00e7\u00e3o do egresso com os grupos de pesquisa.<\/p>\n<p>2) Comunica\u00e7\u00e3o permanente com os egressos atrav\u00e9s de chamadas para participa\u00e7\u00e3o em congressos e publica\u00e7\u00f5es; aplica\u00e7\u00e3o de instrumento autoavaliativo online; manuten\u00e7\u00e3o dos e-mails cadastrados em nossos bancos de dados, e o envio destas informa\u00e7\u00f5es por meio deste canal.<\/p>\n<p>3) Reuni\u00f5es e eventos realizados pelo PPGE\/CPAN com a presen\u00e7a de egressos.<\/p>\n<p>4) Acompanhamento sistem\u00e1tico dos curr\u00edculos dispon\u00edveis na Plataforma Lattes dos egressos.<\/p>\n<p>5) Participa\u00e7\u00e3o em programas no canal do Youtube do programa: \u201cMinha pesquisa em poucas palavras\u201d e \u201cPor onde ando\u201d. No primeiro programa, os egressos contam sua pesquisa em aproximadamente cinco minutos e, no segundo, contam o que est\u00e3o fazendo profissionalmente e academicamente nos dias de hoje, depois de conclu\u00edrem o mestrado<\/p>\n<p>Periodicidade<\/p>\n<p>A periodicidade com que o instrumento de autoavalia\u00e7\u00e3o \u00e9 aplicado respeita o intervalo de dois anos significando, na maioria das vezes, que o egresso responda, ao menos duas vezes enquanto estiver vinculado ao PPGE\/CPAN","protected":false},"excerpt":{"rendered":"<p>Destacamos, ao menos, quatro formas com as quais monitoramos as atividades no campo acad\u00eamico e profissional: 1) Rela\u00e7\u00e3o do egresso com os grupos de pesquisa. 2) Comunica\u00e7\u00e3o permanente com os egressos atrav\u00e9s de chamadas para participa\u00e7\u00e3o em congressos e publica\u00e7\u00f5es; aplica\u00e7\u00e3o de instrumento autoavaliativo online; manuten\u00e7\u00e3o dos e-mails cadastrados em nossos bancos de dados, e [&hellip;]<\/p>\n","protected":false},"author":28260,"featured_media":0,"parent":0,"menu_order":0,"comment_status":"closed","ping_status":"closed","template":"","meta":{"footnotes":""},"coauthors":[],"class_list":["post-5266","page","type-page","status-publish","hentry"],"_links":{"self":[{"href":"https:\/\/ppgecpan.ufms.br\/es\/wp-json\/wp\/v2\/pages\/5266","targetHints":{"allow":["GET"]}}],"collection":[{"href":"https:\/\/ppgecpan.ufms.br\/es\/wp-json\/wp\/v2\/pages"}],"about":[{"href":"https:\/\/ppgecpan.ufms.br\/es\/wp-json\/wp\/v2\/types\/page"}],"author":[{"embeddable":true,"href":"https:\/\/ppgecpan.ufms.br\/es\/wp-json\/wp\/v2\/users\/28260"}],"replies":[{"embeddable":true,"href":"https:\/\/ppgecpan.ufms.br\/es\/wp-json\/wp\/v2\/comments?post=5266"}],"version-history":[{"count":8,"href":"https:\/\/ppgecpan.ufms.br\/es\/wp-json\/wp\/v2\/pages\/5266\/revisions"}],"predecessor-version":[{"id":5523,"href":"https:\/\/ppgecpan.ufms.br\/es\/wp-json\/wp\/v2\/pages\/5266\/revisions\/5523"}],"wp:attachment":[{"href":"https:\/\/ppgecpan.ufms.br\/es\/wp-json\/wp\/v2\/media?parent=5266"}],"wp:term":[{"taxonomy":"author","embeddable":true,"href":"https:\/\/ppgecpan.ufms.br\/es\/wp-json\/wp\/v2\/coauthors?post=5266"}],"curies":[{"name":"wp","href":"https:\/\/api.w.org\/{rel}","templated":true}]}}