{"id":5325,"date":"2021-08-20T11:37:09","date_gmt":"2021-08-20T15:37:09","guid":{"rendered":"https:\/\/ppgecpan.ufms.br\/?page_id=5325"},"modified":"2021-12-22T09:48:55","modified_gmt":"2021-12-22T13:48:55","slug":"politica-de-internacionalizacao","status":"publish","type":"page","link":"https:\/\/ppgecpan.ufms.br\/es\/politica-de-internacionalizacao\/","title":{"rendered":"Pol\u00edtica de Internacionaliza\u00e7\u00e3o"},"content":{"rendered":"<strong>Pol\u00edtica de Internacionaliza\u00e7\u00e3o com suas metas e formas:<\/strong><\/p>\n<p>Internacionaliza\u00e7\u00e3o, para n\u00f3s, \u00e9 o processo que explicita a forma e conte\u00fado em que ocorre a forma\u00e7\u00e3o de nossos mestrandos, a forma\u00e7\u00e3o cont\u00ednua do nosso quadro docente, a produ\u00e7\u00e3o e a divulga\u00e7\u00e3o do conhecimento em \u00e2mbito internacional. Por ser uma atividade de forma\u00e7\u00e3o t\u00e3o ampla, \u00e9 preciso que a entendamos de forma multidimensional, ou seja: a internacionaliza\u00e7\u00e3o deve se constituir a partir da elabora\u00e7\u00e3o de pesquisas desenvolvidas por docentes e discentes, sua divulga\u00e7\u00e3o em revistas e eventos estrangeiros, bem como contar com a colabora\u00e7\u00e3o de docentes e discentes de outros pa\u00edses. Constitui-se, ainda, atrav\u00e9s da mobilidade de professores e alunos para universidades estrangeiras e recebimento destes em nosso Programa; por fim, \u00e9 o resultado do envolvimento de professores e alunos em pesquisas de natureza internacional, formando verdadeiras redes de pesquisas internacionais.","protected":false},"excerpt":{"rendered":"<p>Pol\u00edtica de Internacionaliza\u00e7\u00e3o com suas metas e formas: Internacionaliza\u00e7\u00e3o, para n\u00f3s, \u00e9 o processo que explicita a forma e conte\u00fado em que ocorre a forma\u00e7\u00e3o de nossos mestrandos, a forma\u00e7\u00e3o cont\u00ednua do nosso quadro docente, a produ\u00e7\u00e3o e a divulga\u00e7\u00e3o do conhecimento em \u00e2mbito internacional. Por ser uma atividade de forma\u00e7\u00e3o t\u00e3o ampla, \u00e9 preciso [&hellip;]<\/p>\n","protected":false},"author":28260,"featured_media":0,"parent":0,"menu_order":0,"comment_status":"closed","ping_status":"closed","template":"","meta":{"footnotes":""},"coauthors":[],"class_list":["post-5325","page","type-page","status-publish","hentry"],"_links":{"self":[{"href":"https:\/\/ppgecpan.ufms.br\/es\/wp-json\/wp\/v2\/pages\/5325","targetHints":{"allow":["GET"]}}],"collection":[{"href":"https:\/\/ppgecpan.ufms.br\/es\/wp-json\/wp\/v2\/pages"}],"about":[{"href":"https:\/\/ppgecpan.ufms.br\/es\/wp-json\/wp\/v2\/types\/page"}],"author":[{"embeddable":true,"href":"https:\/\/ppgecpan.ufms.br\/es\/wp-json\/wp\/v2\/users\/28260"}],"replies":[{"embeddable":true,"href":"https:\/\/ppgecpan.ufms.br\/es\/wp-json\/wp\/v2\/comments?post=5325"}],"version-history":[{"count":5,"href":"https:\/\/ppgecpan.ufms.br\/es\/wp-json\/wp\/v2\/pages\/5325\/revisions"}],"predecessor-version":[{"id":5524,"href":"https:\/\/ppgecpan.ufms.br\/es\/wp-json\/wp\/v2\/pages\/5325\/revisions\/5524"}],"wp:attachment":[{"href":"https:\/\/ppgecpan.ufms.br\/es\/wp-json\/wp\/v2\/media?parent=5325"}],"wp:term":[{"taxonomy":"author","embeddable":true,"href":"https:\/\/ppgecpan.ufms.br\/es\/wp-json\/wp\/v2\/coauthors?post=5325"}],"curies":[{"name":"wp","href":"https:\/\/api.w.org\/{rel}","templated":true}]}}