{"id":5328,"date":"2021-08-20T12:01:49","date_gmt":"2021-08-20T16:01:49","guid":{"rendered":"https:\/\/ppgecpan.ufms.br\/?page_id=5328"},"modified":"2025-05-28T11:38:41","modified_gmt":"2025-05-28T15:38:41","slug":"atividades-e-redes-de-pesquisas-internacionais","status":"publish","type":"page","link":"https:\/\/ppgecpan.ufms.br\/es\/atividades-e-redes-de-pesquisas-internacionais\/","title":{"rendered":"Atividades e Redes de Pesquisas Internacionais"},"content":{"rendered":"<strong>Redes de Pesquisa\u00a0<\/strong><\/p>\n<p>&#8211; Nexos &#8211; Teoria Cr\u00edtica e Pesquisa Interdisciplinar: iniciada pela professora Isabella Fernanda Ferreira do PPGE\/CPAN \u00e9 dividida pelas cinco regi\u00f5es do pa\u00eds em diferentes sedes interinstitucionais. As sedes interinstitucionais s\u00e3o: UFMS (Nexos &#8211; Centro-Oeste\/Norte), a UFABC (Nexos \u2013 sudeste), a UFC (Nexos \u2013 Nordeste) e a UDESC (Nexos-Sul) juntamente com a participa\u00e7\u00e3o de todos os seus membros (estudantes e pesquisadores) como membros do \u201cCons\u00f3rcio Internacional de Programas de Teoria Cr\u00edtica\u201d produzido pela fil\u00f3sofa Judith Butler em colabora\u00e7\u00e3o com o Instituto de Pesquisa em Humanidades da Universidade da Calif\u00f3rnia, Berkeley e a Funda\u00e7\u00e3o Andrew W. Mellon; (http:\/\/www.nexos.ufc.br\/encontro2016\/index.php\/noticias).<\/p>\n<p>&#8211; A Coordena\u00e7\u00e3o (Brasil) na Rede Latino Americana de Investiga\u00e7\u00e3o em Avalia\u00e7\u00e3o (RELIEVA: https:\/\/www.relieva.org\/) pelo professor Fabiano Antonio dos Santos que, atualmente, conta com membros de diversos pa\u00edses da Am\u00e9rica Latina, tais como: Chile, M\u00e9xico, Col\u00f4mbia, Argentina, Venezuela, Peru.<\/p>\n<p>&#8211; A cria\u00e7\u00e3o do acordo de coopera\u00e7\u00e3o entre Brasil e Bol\u00edvia pela professora Cl\u00e1udia Ara\u00fajo de Lima mediado pelo N\u00facleo de Estudos e Pesquisas Interdisciplinares \u2013 NEPI PANTANAL. O NEPI aglutina pesquisadores do Brasil e da Bol\u00edvia;<\/p>\n<p>&nbsp;<\/p>\n<p><strong>Projetos de pesquisa internacionais: <\/strong><\/p>\n<p>1) Trajet\u00f3rias desde o global ao local em pol\u00edticas de avalia\u00e7\u00e3o educacional na Am\u00e9rica Latina: um estudo internacional em rede \u2013 Projeto coordenado pelo professor Fabiano Antonio dos Santos com apoio financeiro CNPq\u00a0 (edital Universal CNPq) para a realiza\u00e7\u00e3o de pesquisa envolvendo Brasil, Chile, Col\u00f4mbia, M\u00e9xico e Argentina;<\/p>\n<p>2) Viol\u00eancia escolar: discrimina\u00e7\u00e3o, bullying e responsabilidade (Brasil, Portugal, Argentina, M\u00e9xico) \u2013 Coordena\u00e7\u00e3o principal: Jos\u00e9 Leon Croch\u00edk \u2013 Universidade de S\u00e3o Paulo. Coordena\u00e7\u00e3o local pelo PPGE\/CPAN\/UFMS \u2013 Dra. Isabella Fernanda Ferreira. Ag\u00eancia de Fomento: CNPq. Pa\u00edses envolvidos (M\u00e9xico, Argentina, Espanha e Portugal).<\/p>\n<p>3) Tecnologia de Informa\u00e7\u00e3o e Comunica\u00e7\u00e3o (TIC) e inova\u00e7\u00e3o nos processos de escolariza\u00e7\u00e3o na educa\u00e7\u00e3o inclusiva: diferentes contextos no Brasil e na Espanha (Brasil e Espanha). Coordena\u00e7\u00e3o principal: M\u00f4nica de Carvalho Magalh\u00e3es Kassar (PPGE\/CPAN\/UFMS). Demais participantes do PPGE\/CPAN\/UFMS: Andressa Santos Rebelo;<\/p>\n<p>4) Observat\u00f3rio E\u00e7a\u00ed: Educa\u00e7\u00e3o, Sa\u00fade, Desenvolvimento e outros direitos humanos de crian\u00e7as e adolescentes na fronteira Brasil e Bol\u00edvia, sob a coordena\u00e7\u00e3o da professora Cl\u00e1udia Ara\u00fajo de Lima. Pesquisa &#8220;Fontes estrangeiras na legisla\u00e7\u00e3o educacional para crian\u00e7as &#8216;anormais'&#8221;, financiada pelo CNPq (Bolsa Pq), que conta com a colabora\u00e7\u00e3o do professor Justino Magalh\u00e3es, da Universidade de Lisboa.<\/p>\n<p>&nbsp;","protected":false},"excerpt":{"rendered":"<p>Redes de Pesquisa\u00a0 &#8211; Nexos &#8211; Teoria Cr\u00edtica e Pesquisa Interdisciplinar: iniciada pela professora Isabella Fernanda Ferreira do PPGE\/CPAN \u00e9 dividida pelas cinco regi\u00f5es do pa\u00eds em diferentes sedes interinstitucionais. As sedes interinstitucionais s\u00e3o: UFMS (Nexos &#8211; Centro-Oeste\/Norte), a UFABC (Nexos \u2013 sudeste), a UFC (Nexos \u2013 Nordeste) e a UDESC (Nexos-Sul) juntamente com a [&hellip;]<\/p>\n","protected":false},"author":28260,"featured_media":0,"parent":0,"menu_order":0,"comment_status":"closed","ping_status":"closed","template":"","meta":{"footnotes":""},"coauthors":[88],"class_list":["post-5328","page","type-page","status-publish","hentry"],"_links":{"self":[{"href":"https:\/\/ppgecpan.ufms.br\/es\/wp-json\/wp\/v2\/pages\/5328","targetHints":{"allow":["GET"]}}],"collection":[{"href":"https:\/\/ppgecpan.ufms.br\/es\/wp-json\/wp\/v2\/pages"}],"about":[{"href":"https:\/\/ppgecpan.ufms.br\/es\/wp-json\/wp\/v2\/types\/page"}],"author":[{"embeddable":true,"href":"https:\/\/ppgecpan.ufms.br\/es\/wp-json\/wp\/v2\/users\/28260"}],"replies":[{"embeddable":true,"href":"https:\/\/ppgecpan.ufms.br\/es\/wp-json\/wp\/v2\/comments?post=5328"}],"version-history":[{"count":3,"href":"https:\/\/ppgecpan.ufms.br\/es\/wp-json\/wp\/v2\/pages\/5328\/revisions"}],"predecessor-version":[{"id":7505,"href":"https:\/\/ppgecpan.ufms.br\/es\/wp-json\/wp\/v2\/pages\/5328\/revisions\/7505"}],"wp:attachment":[{"href":"https:\/\/ppgecpan.ufms.br\/es\/wp-json\/wp\/v2\/media?parent=5328"}],"wp:term":[{"taxonomy":"author","embeddable":true,"href":"https:\/\/ppgecpan.ufms.br\/es\/wp-json\/wp\/v2\/coauthors?post=5328"}],"curies":[{"name":"wp","href":"https:\/\/api.w.org\/{rel}","templated":true}]}}