{"id":61,"date":"2012-02-03T16:12:13","date_gmt":"2012-02-03T16:12:13","guid":{"rendered":"http:\/\/ppgecpan.draconis.ufms.br\/?page_id=61"},"modified":"2025-08-14T11:38:27","modified_gmt":"2025-08-14T15:38:27","slug":"estrutura-curricular","status":"publish","type":"page","link":"https:\/\/ppgecpan.ufms.br\/es\/estrutura-curricular\/","title":{"rendered":"Estrutura curricular"},"content":{"rendered":"<strong>Estrutura curricular (descri\u00e7\u00e3o sucinta)<\/strong><\/p>\n<p>S\u00e3o requisitos m\u00ednimos para homologa\u00e7\u00e3o do t\u00edtulo de Mestre:<\/p>\n<div><\/div>\n<div>24 cr\u00e9ditos obtidos em atividades de ensino\u00a0+ 04 cr\u00e9ditos obtidos na comprova\u00e7\u00e3o de realiza\u00e7\u00e3o de atividades especiais +\u00a008 cr\u00e9ditos obtidos no exame de qualifica\u00e7\u00e3o + 12 cr\u00e9ditos obtidos na defesa da disserta\u00e7\u00e3o + profici\u00eancia em l\u00edngua estrangeira&#8221;<\/div>\n<p>Para o cumprimento de seus objetivos, o Curso de Mestrado est\u00e1 organizado da seguinte forma:<\/p>\n<p>&nbsp;<\/p>\n<table>\n<tbody>\n<tr>\n<td width=\"68\"><strong>Semestre<\/strong><\/td>\n<td width=\"314\"><strong>Disciplina<\/strong><\/td>\n<td><strong>Cr\u00e9ditos<\/strong><\/td>\n<\/tr>\n<tr>\n<td rowspan=\"3\" width=\"68\"><strong>1\u00ba<\/strong><\/td>\n<td width=\"314\">Fundamentos hist\u00f3rico-filos\u00f3ficos da Educa\u00e7\u00e3o (D.O.)<\/td>\n<td>4<\/td>\n<\/tr>\n<tr>\n<td width=\"314\">Pesquisa em Educa\u00e7\u00e3o (D.O.)<\/td>\n<td>4<\/td>\n<\/tr>\n<tr>\n<td width=\"314\">Disciplina Optativa<\/td>\n<td>4<\/td>\n<\/tr>\n<tr>\n<td width=\"68\">#<\/td>\n<td width=\"314\"><\/td>\n<td><\/td>\n<\/tr>\n<tr>\n<td rowspan=\"3\" width=\"68\"><strong>2\u00ba<\/strong><\/td>\n<td width=\"314\">Educa\u00e7\u00e3o e Direitos Humanos \u00a0(D.O.)<\/td>\n<td>4<\/td>\n<\/tr>\n<tr>\n<td width=\"314\">Semin\u00e1rio de Pesquisa I \u00a0(D.O.)<\/td>\n<td>4<\/td>\n<\/tr>\n<tr>\n<td width=\"314\">Disciplina Optativa<\/td>\n<td>4<\/td>\n<\/tr>\n<tr>\n<td width=\"68\"><\/td>\n<td width=\"314\"><\/td>\n<td><\/td>\n<\/tr>\n<\/tbody>\n<\/table>\n<p>&nbsp;<\/p>\n<p>D. O.\u00a0&#8211; Disciplina Obrigat\u00f3ria<\/p>\n<p>* Al\u00e9m das disciplinas acima descritas, os bolsistas devem tamb\u00e9m cumprir o Est\u00e1gio Doc\u00eancia.","protected":false},"excerpt":{"rendered":"<p>Estrutura curricular (descri\u00e7\u00e3o sucinta) S\u00e3o requisitos m\u00ednimos para homologa\u00e7\u00e3o do t\u00edtulo de Mestre: 24 cr\u00e9ditos obtidos em atividades de ensino\u00a0+ 04 cr\u00e9ditos obtidos na comprova\u00e7\u00e3o de realiza\u00e7\u00e3o de atividades especiais +\u00a008 cr\u00e9ditos obtidos no exame de qualifica\u00e7\u00e3o + 12 cr\u00e9ditos obtidos na defesa da disserta\u00e7\u00e3o + profici\u00eancia em l\u00edngua estrangeira&#8221; Para o cumprimento de seus [&hellip;]<\/p>\n","protected":false},"author":64202,"featured_media":0,"parent":0,"menu_order":0,"comment_status":"closed","ping_status":"closed","template":"","meta":{"footnotes":""},"coauthors":[92],"class_list":["post-61","page","type-page","status-publish","hentry"],"_links":{"self":[{"href":"https:\/\/ppgecpan.ufms.br\/es\/wp-json\/wp\/v2\/pages\/61","targetHints":{"allow":["GET"]}}],"collection":[{"href":"https:\/\/ppgecpan.ufms.br\/es\/wp-json\/wp\/v2\/pages"}],"about":[{"href":"https:\/\/ppgecpan.ufms.br\/es\/wp-json\/wp\/v2\/types\/page"}],"author":[{"embeddable":true,"href":"https:\/\/ppgecpan.ufms.br\/es\/wp-json\/wp\/v2\/users\/64202"}],"replies":[{"embeddable":true,"href":"https:\/\/ppgecpan.ufms.br\/es\/wp-json\/wp\/v2\/comments?post=61"}],"version-history":[{"count":39,"href":"https:\/\/ppgecpan.ufms.br\/es\/wp-json\/wp\/v2\/pages\/61\/revisions"}],"predecessor-version":[{"id":7840,"href":"https:\/\/ppgecpan.ufms.br\/es\/wp-json\/wp\/v2\/pages\/61\/revisions\/7840"}],"wp:attachment":[{"href":"https:\/\/ppgecpan.ufms.br\/es\/wp-json\/wp\/v2\/media?parent=61"}],"wp:term":[{"taxonomy":"author","embeddable":true,"href":"https:\/\/ppgecpan.ufms.br\/es\/wp-json\/wp\/v2\/coauthors?post=61"}],"curies":[{"name":"wp","href":"https:\/\/api.w.org\/{rel}","templated":true}]}}