{"id":6485,"date":"2023-10-10T14:03:34","date_gmt":"2023-10-10T18:03:34","guid":{"rendered":"https:\/\/ppgecpan.ufms.br\/?page_id=6485"},"modified":"2025-01-02T02:47:09","modified_gmt":"2025-01-02T06:47:09","slug":"selecoes-2024","status":"publish","type":"page","link":"https:\/\/ppgecpan.ufms.br\/es\/selecoes-2024\/","title":{"rendered":"(Portugu\u00eas do Brasil) Sele\u00e7\u00f5es 2024"},"content":{"rendered":"<p class=\"qtranxs-available-languages-message qtranxs-available-languages-message-es\">Disculpa, pero esta entrada est\u00e1 disponible s\u00f3lo en <a href=\"https:\/\/ppgecpan.ufms.br\/pb\/wp-json\/wp\/v2\/pages\/6485\" class=\"qtranxs-available-language-link qtranxs-available-language-link-pb\" title=\"Portugu\u00eas do Brasil\">Portugu\u00eas do Brasil<\/a>.<\/p>","protected":false},"excerpt":{"rendered":"<p>Disculpa, pero esta entrada est\u00e1 disponible s\u00f3lo en Portugu\u00eas do Brasil.<\/p>\n","protected":false},"author":45791,"featured_media":0,"parent":0,"menu_order":0,"comment_status":"closed","ping_status":"closed","template":"","meta":{"footnotes":""},"coauthors":[],"class_list":["post-6485","page","type-page","status-publish","hentry"],"_links":{"self":[{"href":"https:\/\/ppgecpan.ufms.br\/es\/wp-json\/wp\/v2\/pages\/6485","targetHints":{"allow":["GET"]}}],"collection":[{"href":"https:\/\/ppgecpan.ufms.br\/es\/wp-json\/wp\/v2\/pages"}],"about":[{"href":"https:\/\/ppgecpan.ufms.br\/es\/wp-json\/wp\/v2\/types\/page"}],"author":[{"embeddable":true,"href":"https:\/\/ppgecpan.ufms.br\/es\/wp-json\/wp\/v2\/users\/45791"}],"replies":[{"embeddable":true,"href":"https:\/\/ppgecpan.ufms.br\/es\/wp-json\/wp\/v2\/comments?post=6485"}],"version-history":[{"count":22,"href":"https:\/\/ppgecpan.ufms.br\/es\/wp-json\/wp\/v2\/pages\/6485\/revisions"}],"predecessor-version":[{"id":7160,"href":"https:\/\/ppgecpan.ufms.br\/es\/wp-json\/wp\/v2\/pages\/6485\/revisions\/7160"}],"wp:attachment":[{"href":"https:\/\/ppgecpan.ufms.br\/es\/wp-json\/wp\/v2\/media?parent=6485"}],"wp:term":[{"taxonomy":"author","embeddable":true,"href":"https:\/\/ppgecpan.ufms.br\/es\/wp-json\/wp\/v2\/coauthors?post=6485"}],"curies":[{"name":"wp","href":"https:\/\/api.w.org\/{rel}","templated":true}]}}