{"id":68,"date":"2012-02-03T16:14:47","date_gmt":"2012-02-03T16:14:47","guid":{"rendered":"http:\/\/ppgecpan.draconis.ufms.br\/?page_id=68"},"modified":"2021-09-13T11:01:02","modified_gmt":"2021-09-13T15:01:02","slug":"formularios","status":"publish","type":"page","link":"https:\/\/ppgecpan.ufms.br\/es\/formularios\/","title":{"rendered":"Formul\u00e1rios"},"content":{"rendered":"&nbsp;<\/p>\n<table style=\"height: 483px\" width=\"576\">\n<tbody>\n<tr>\n<td width=\"36\"><strong>#<\/strong><\/td>\n<td width=\"66\"><strong>Formato<\/strong><\/td>\n<td width=\"359\"><strong>Tipo de Formul\u00e1rio<\/strong><\/td>\n<td width=\"85\"><strong>\u00a0<\/strong><\/td>\n<\/tr>\n<tr>\n<td width=\"36\">\u00a01<\/td>\n<td width=\"66\">\u00a0<a href=\"https:\/\/ppgecpan.ufms.br\/files\/2012\/02\/Modelos-e-Formul\u00e1rios-do-Edital-Estrangeiro-1.doc\" target=\"_blank\" rel=\"noopener noreferrer\"><img decoding=\"async\" class=\"alignnone wp-image-709 size-full\" src=\"https:\/\/ppgecpan.ufms.br\/files\/2012\/02\/logo_word.gif\" alt=\"logo_word\" width=\"26\" height=\"25\" \/><\/a><\/td>\n<td width=\"359\">\u00a0Formul\u00e1rios do Edital para Estrangeiros<\/td>\n<td width=\"85\"><\/td>\n<\/tr>\n<tr>\n<td width=\"36\">\u00a02<\/td>\n<td width=\"66\">\u00a0<a href=\"http:\/\/ppgecpan.draconis.ufms.br\/files\/2014\/08\/Sugest\u00e3o-de-t\u00f3picos-para-elabora\u00e7\u00e3o-de-um-projeto.pdf\" target=\"_blank\" rel=\"noopener noreferrer\"><img decoding=\"async\" class=\"alignnone wp-image-162\" src=\"http:\/\/ppgecpan.draconis.ufms.br\/files\/2012\/02\/PDF.jpg\" alt=\"PDF\" width=\"31\" height=\"31\" \/><\/a><\/td>\n<td width=\"359\">\u00a0Sugest\u00e3o\u00a0de t\u00f3picos para elabora\u00e7\u00e3o de um projeto*<\/td>\n<td width=\"85\"><\/td>\n<\/tr>\n<tr>\n<td width=\"36\">\u00a03<\/td>\n<td width=\"66\">\u00a0<a href=\"https:\/\/ppgecpan.ufms.br\/files\/2012\/02\/Sugest\u00e3o-de-Bibliografia-2017.2.pdf\" target=\"_blank\" rel=\"noopener noreferrer\"><img decoding=\"async\" class=\"alignnone wp-image-162\" src=\"http:\/\/ppgecpan.draconis.ufms.br\/files\/2012\/02\/PDF.jpg\" alt=\"PDF\" width=\"31\" height=\"31\" \/><\/a><\/td>\n<td width=\"359\">\u00a0Sugest\u00e3o de Bibliografia para a prova escrita*<\/td>\n<td width=\"85\"><\/td>\n<\/tr>\n<tr>\n<td width=\"36\">4<\/td>\n<td width=\"66\">\u00a0<a href=\"https:\/\/ppgecpan.ufms.br\/files\/2012\/02\/Requerimento-de-matr\u00edcula-alun.-especial-2017.1-3.doc\" target=\"_blank\" rel=\"noopener noreferrer\"><img decoding=\"async\" class=\"alignnone wp-image-709 size-full\" src=\"http:\/\/ppgecpan.draconis.ufms.br\/files\/2012\/02\/logo_word.gif\" alt=\"logo_word\" width=\"26\" height=\"25\" \/><\/a><\/td>\n<td width=\"359\">\u00a0Requerimento de Matr\u00edcula como aluno especial<\/td>\n<td width=\"85\"><\/td>\n<\/tr>\n<tr>\n<td width=\"36\">\u00a05<\/td>\n<td width=\"66\">\u00a0<a href=\"https:\/\/ppgecpan.ufms.br\/files\/2012\/02\/requerimento_geral_PPGE_CPAN_rev.doc\" target=\"_blank\" rel=\"noopener noreferrer\"><img loading=\"lazy\" decoding=\"async\" class=\"alignnone wp-image-709\" src=\"http:\/\/ppgecpan.draconis.ufms.br\/files\/2012\/02\/logo_word.gif\" alt=\"logo_word\" width=\"26\" height=\"25\" \/><\/a><\/td>\n<td width=\"359\">\u00a0\u00a0Requerimento Geral<\/td>\n<td width=\"85\"><\/td>\n<\/tr>\n<tr>\n<td width=\"36\">\u00a06<\/td>\n<td width=\"66\">\u00a0<a href=\"http:\/\/ppgecpan.draconis.ufms.br\/files\/2014\/08\/Exce\u00e7\u00e3o-Lei-n\u00ba-6815_80.pdf\" target=\"_blank\" rel=\"noopener noreferrer\"><img loading=\"lazy\" decoding=\"async\" class=\"alignnone wp-image-162\" src=\"http:\/\/ppgecpan.draconis.ufms.br\/files\/2012\/02\/PDF.jpg\" alt=\"PDF\" width=\"32\" height=\"32\" \/><\/a><\/td>\n<td width=\"359\">Exce\u00e7\u00e3o Lei n\u00b0 6815\/80<\/td>\n<td width=\"85\"><\/td>\n<\/tr>\n<tr>\n<td width=\"36\">7<\/td>\n<td width=\"66\">\u00a0<a href=\"http:\/\/ppgecpan.draconis.ufms.br\/files\/2014\/08\/Procura\u00e7\u00e3o.doc\" target=\"_blank\" rel=\"noopener noreferrer\"><img decoding=\"async\" class=\"alignnone wp-image-709 size-full\" src=\"http:\/\/ppgecpan.draconis.ufms.br\/files\/2012\/02\/logo_word.gif\" alt=\"logo_word\" width=\"26\" height=\"25\" \/><\/a><\/td>\n<td width=\"359\">\u00a0Procura\u00e7\u00e3o<\/td>\n<td width=\"85\"><\/td>\n<\/tr>\n<tr>\n<td width=\"36\">\u00a08<\/td>\n<td width=\"66\">\u00a0<a href=\"http:\/\/ppgecpan.draconis.ufms.br\/files\/2014\/08\/Requerimento-de-recursos.doc\" target=\"_blank\" rel=\"noopener noreferrer\"><img loading=\"lazy\" decoding=\"async\" class=\"alignnone wp-image-709\" src=\"http:\/\/ppgecpan.draconis.ufms.br\/files\/2012\/02\/logo_word.gif\" alt=\"logo_word\" width=\"26\" height=\"25\" \/><\/a><\/td>\n<td width=\"359\">\u00a0Requerimento de recursos<\/td>\n<td width=\"85\"><\/td>\n<\/tr>\n<tr>\n<td width=\"36\">\u00a09<\/td>\n<td width=\"66\">\u00a0<a href=\"https:\/\/ppgecpan.ufms.br\/files\/2012\/02\/Modelos-e-Formularios-do-Edital-2017.doc\" target=\"_blank\" rel=\"noopener noreferrer\"><img loading=\"lazy\" decoding=\"async\" class=\"alignnone wp-image-709\" src=\"http:\/\/ppgecpan.draconis.ufms.br\/files\/2012\/02\/logo_word.gif\" alt=\"logo_word\" width=\"26\" height=\"25\" \/><\/a><\/td>\n<td width=\"359\">\u00a0Modelos e Formul\u00e1rios do Edital 2017<\/td>\n<td width=\"85\"><\/td>\n<\/tr>\n<tr>\n<td width=\"36\">\n<p>10<\/p>\n<p>&nbsp;<\/td>\n<td width=\"66\">\n<p><a href=\"https:\/\/ppgecpan.ufms.br\/files\/2012\/02\/Formul\u00e1rios-para-o-Edital-de-Lingua-Estrangeira.docx\" target=\"_blank\" rel=\"noopener noreferrer\"><img loading=\"lazy\" decoding=\"async\" class=\"alignnone wp-image-709\" src=\"http:\/\/ppgecpan.draconis.ufms.br\/files\/2012\/02\/logo_word.gif\" alt=\"logo_word\" width=\"26\" height=\"25\" \/><\/a><\/p>\n<p>&nbsp;<\/td>\n<td width=\"359\">Formul\u00e1rios para o Edital de L\u00edngua Estrangeira<\/td>\n<td width=\"85\"><\/td>\n<\/tr>\n<\/tbody>\n<\/table>","protected":false},"excerpt":{"rendered":"<p>&nbsp; # Formato Tipo de Formul\u00e1rio \u00a0 \u00a01 \u00a0 \u00a0Formul\u00e1rios do Edital para Estrangeiros \u00a02 \u00a0 \u00a0Sugest\u00e3o\u00a0de t\u00f3picos para elabora\u00e7\u00e3o de um projeto* \u00a03 \u00a0 \u00a0Sugest\u00e3o de Bibliografia para a prova escrita* 4 \u00a0 \u00a0Requerimento de Matr\u00edcula como aluno especial \u00a05 \u00a0 \u00a0\u00a0Requerimento Geral \u00a06 \u00a0 Exce\u00e7\u00e3o Lei n\u00b0 6815\/80 7 \u00a0 \u00a0Procura\u00e7\u00e3o \u00a08 \u00a0 [&hellip;]<\/p>\n","protected":false},"author":7,"featured_media":0,"parent":0,"menu_order":0,"comment_status":"closed","ping_status":"closed","template":"","meta":{"footnotes":""},"coauthors":[],"class_list":["post-68","page","type-page","status-publish","hentry"],"_links":{"self":[{"href":"https:\/\/ppgecpan.ufms.br\/es\/wp-json\/wp\/v2\/pages\/68","targetHints":{"allow":["GET"]}}],"collection":[{"href":"https:\/\/ppgecpan.ufms.br\/es\/wp-json\/wp\/v2\/pages"}],"about":[{"href":"https:\/\/ppgecpan.ufms.br\/es\/wp-json\/wp\/v2\/types\/page"}],"author":[{"embeddable":true,"href":"https:\/\/ppgecpan.ufms.br\/es\/wp-json\/wp\/v2\/users\/7"}],"replies":[{"embeddable":true,"href":"https:\/\/ppgecpan.ufms.br\/es\/wp-json\/wp\/v2\/comments?post=68"}],"version-history":[{"count":38,"href":"https:\/\/ppgecpan.ufms.br\/es\/wp-json\/wp\/v2\/pages\/68\/revisions"}],"predecessor-version":[{"id":5394,"href":"https:\/\/ppgecpan.ufms.br\/es\/wp-json\/wp\/v2\/pages\/68\/revisions\/5394"}],"wp:attachment":[{"href":"https:\/\/ppgecpan.ufms.br\/es\/wp-json\/wp\/v2\/media?parent=68"}],"wp:term":[{"taxonomy":"author","embeddable":true,"href":"https:\/\/ppgecpan.ufms.br\/es\/wp-json\/wp\/v2\/coauthors?post=68"}],"curies":[{"name":"wp","href":"https:\/\/api.w.org\/{rel}","templated":true}]}}